{"id":1200,"date":"2014-02-11T13:25:13","date_gmt":"2014-02-11T12:25:13","guid":{"rendered":"https:\/\/www.jesushuertadesoto.com\/?page_id=1200"},"modified":"2025-12-09T07:53:21","modified_gmt":"2025-12-09T06:53:21","slug":"audio","status":"publish","type":"page","link":"https:\/\/www.jesushuertadesoto.com\/en\/multimedia\/audio\/","title":{"rendered":"Audio"},"content":{"rendered":"<section class=\"l-section wpb_row audio-top height_medium\"><div class=\"l-section-h i-cf\"><div class=\"g-cols vc_row via_grid cols_1 laptops-cols_inherit tablets-cols_inherit mobiles-cols_1 valign_top type_default stacking_default\"><div class=\"wpb_column vc_column_container\"><div class=\"vc_column-inner\"><div class=\"w-html\">    <div class=\"breadcrumbs\" typeof=\"BreadcrumbList\" vocab=\"https:\/\/schema.org\/\">\n        <!-- Breadcrumb NavXT 7.5.0 -->\n<span property=\"itemListElement\" typeof=\"ListItem\"><a property=\"item\" typeof=\"WebPage\" title=\"Go to Jes\u00fas Huerta de Soto.\" href=\"https:\/\/www.jesushuertadesoto.com\/en\/\" class=\"home\" aria-current=\"page\"><span property=\"name\">Home<\/span><\/a><meta property=\"position\" content=\"1\"><\/span>    <\/div>\n    <\/div><h1 class=\"w-text\"><span class=\"w-text-h\"><span class=\"w-text-value\">Audio<\/span><\/span><\/h1><div class=\"w-text audio-link\"><a href=\"\/wp-content\/uploads\/audio\/crisisfinancierareformabancariafutur-anarcocapitalistacom-ivoox1188789.mp3\" class=\"w-text-h\"><span class=\"w-text-value\">Crisis financiera, reforma bancaria y futuro del capitalismo<\/span><\/a><\/div><div class=\"w-text audio-link\"><a href=\"\/wp-content\/uploads\/audio\/consejosparatenerexitovidapor-anarcocapitalistacom-ivoox1199927.mp3\" class=\"w-text-h\"><span class=\"w-text-value\">Consejos para tener \u00e9xito en la vida<\/span><\/a><\/div><div class=\"w-text audio-link\"><a href=\"\/wp-content\/uploads\/audio\/introduccionaeconomiaprofesorjesus-anarcocapitalistacom-ivoox1115315.mp3\" class=\"w-text-h\"><span class=\"w-text-value\">Introducci\u00f3n a la econom\u00eda<\/span><\/a><\/div><\/div><\/div><\/div><\/div><\/section><section class=\"l-section wpb_row us_custom_5d3e7fbb audio-bottom height_medium\"><div class=\"l-section-h i-cf\"><div class=\"g-cols vc_row via_grid cols_1 laptops-cols_inherit tablets-cols_inherit mobiles-cols_1 valign_top type_default stacking_default\"><div class=\"wpb_column vc_column_container\"><div class=\"vc_column-inner\"><h2 class=\"w-text\"><span class=\"w-text-h\"><span class=\"w-text-value\">Complete Course of Economics Lessons<\/span><\/span><\/h2><div class=\"w-btn-wrapper align_center\"><a class=\"w-btn us-btn-style_6\" target=\"_blank\" href=\"https:\/\/www.youtube.com\/watch?v=IOtoyVhtElQ&amp;list=PLPwIfdLw5T_RC3T1qJVd5mbsF4eO5ANIW\"><span class=\"w-btn-label\">View course<\/span><\/a><\/div><\/div><\/div><\/div><\/div><\/section>\n","protected":false},"excerpt":{"rendered":"Home AudioCrisis financiera, reforma bancaria y futuro del capitalismoConsejos para tener \u00e9xito en la vidaIntroducci\u00f3n a la econom\u00edaComplete Course of Economics LessonsView course","protected":false},"author":6,"featured_media":0,"parent":30,"menu_order":0,"comment_status":"closed","ping_status":"closed","template":"","meta":{"_acf_changed":false,"footnotes":""},"class_list":["post-1200","page","type-page","status-publish","hentry"],"acf":[],"_links":{"self":[{"href":"https:\/\/www.jesushuertadesoto.com\/en\/wp-json\/wp\/v2\/pages\/1200","targetHints":{"allow":["GET"]}}],"collection":[{"href":"https:\/\/www.jesushuertadesoto.com\/en\/wp-json\/wp\/v2\/pages"}],"about":[{"href":"https:\/\/www.jesushuertadesoto.com\/en\/wp-json\/wp\/v2\/types\/page"}],"author":[{"embeddable":true,"href":"https:\/\/www.jesushuertadesoto.com\/en\/wp-json\/wp\/v2\/users\/6"}],"replies":[{"embeddable":true,"href":"https:\/\/www.jesushuertadesoto.com\/en\/wp-json\/wp\/v2\/comments?post=1200"}],"version-history":[{"count":20,"href":"https:\/\/www.jesushuertadesoto.com\/en\/wp-json\/wp\/v2\/pages\/1200\/revisions"}],"predecessor-version":[{"id":12407,"href":"https:\/\/www.jesushuertadesoto.com\/en\/wp-json\/wp\/v2\/pages\/1200\/revisions\/12407"}],"up":[{"embeddable":true,"href":"https:\/\/www.jesushuertadesoto.com\/en\/wp-json\/wp\/v2\/pages\/30"}],"wp:attachment":[{"href":"https:\/\/www.jesushuertadesoto.com\/en\/wp-json\/wp\/v2\/media?parent=1200"}],"curies":[{"name":"wp","href":"https:\/\/api.w.org\/{rel}","templated":true}]}}