{"id":2025,"date":"2014-01-23T16:55:50","date_gmt":"2014-01-23T15:55:50","guid":{"rendered":"https:\/\/www.jesushuertadesoto.com\/?page_id=2025"},"modified":"2025-12-10T07:07:53","modified_gmt":"2025-12-10T06:07:53","slug":"academic-degrees","status":"publish","type":"page","link":"https:\/\/www.jesushuertadesoto.com\/en\/curriculum-vitae-en\/academic-degrees\/","title":{"rendered":"Academic Degrees"},"content":{"rendered":"<section class=\"l-section wpb_row cv-wrapper height_medium\"><div class=\"l-section-h i-cf\"><div class=\"g-cols vc_row via_grid cols_1 laptops-cols_inherit tablets-cols_inherit mobiles-cols_1 valign_top type_default stacking_default\"><div class=\"wpb_column vc_column_container\"><div class=\"vc_column-inner\"><div class=\"w-html\">    <div class=\"breadcrumbs\" typeof=\"BreadcrumbList\" vocab=\"https:\/\/schema.org\/\">\n        <!-- Breadcrumb NavXT 7.5.0 -->\n<span property=\"itemListElement\" typeof=\"ListItem\"><a property=\"item\" typeof=\"WebPage\" title=\"Go to Jes\u00fas Huerta de Soto.\" href=\"https:\/\/www.jesushuertadesoto.com\/en\/\" class=\"home\" aria-current=\"page\"><span property=\"name\">Home<\/span><\/a><meta property=\"position\" content=\"1\"><\/span>    <\/div>\n    <\/div><div class=\"g-cols wpb_row via_grid cols_1-2 laptops-cols_inherit tablets-cols_inherit mobiles-cols_1 valign_top type_default stacking_default\" style=\"--columns-gap:3rem;\"><div class=\"wpb_column vc_column_container cv-sidebar\"><div class=\"vc_column-inner\"><h1 class=\"w-text\"><span class=\"w-text-h\"><span class=\"w-text-value\">Curr\u00edculum Vitae<\/span><\/span><\/h1><nav class=\"w-menu layout_ver style_links us_menu_1 with_children\" style=\"--main-gap:10px;--main-ver-indent:0.8em;--main-hor-indent:0.8em;--main-color:inherit;--main-hover-color:#5E8EB6;--main-active-color:#5E8EB6;--sub-gap:6px;\"><ul id=\"menu-new-cariculam\" class=\"menu\"><li id=\"menu-item-12422\" class=\"menu-item menu-item-type-post_type menu-item-object-page menu-item-12422\"><a href=\"https:\/\/www.jesushuertadesoto.com\/en\/curriculum-vitae-en\/\">Personal Data<\/a><\/li><li id=\"menu-item-12423\" class=\"menu-item menu-item-type-post_type menu-item-object-page menu-item-12423\"><a href=\"https:\/\/www.jesushuertadesoto.com\/en\/curriculum-vitae-en\/academic-degrees\/\">Academic Degrees<\/a><\/li><li id=\"menu-item-12435\" class=\"menu-item menu-item-type-post_type menu-item-object-page menu-item-12435\"><a href=\"https:\/\/www.jesushuertadesoto.com\/en\/curriculum-vitae-en\/teaching-activities\/\">Teaching Activities<\/a><\/li><li id=\"menu-item-12431\" class=\"menu-item menu-item-type-post_type menu-item-object-page menu-item-12431\"><a href=\"https:\/\/www.jesushuertadesoto.com\/en\/curriculum-vitae-en\/research-activities-publications-i\/\">Research Activities: Publications (I)<\/a><\/li><li id=\"menu-item-12432\" class=\"menu-item menu-item-type-post_type menu-item-object-page menu-item-12432\"><a href=\"https:\/\/www.jesushuertadesoto.com\/en\/curriculum-vitae-en\/research-activities-publications-ii\/\">Research Activities: Publications (II)<\/a><\/li><li id=\"menu-item-12428\" class=\"menu-item menu-item-type-post_type menu-item-object-page menu-item-12428\"><a href=\"https:\/\/www.jesushuertadesoto.com\/en\/curriculum-vitae-en\/other-publications\/\">Other Publications<\/a><\/li><li id=\"menu-item-12425\" class=\"menu-item menu-item-type-post_type menu-item-object-page menu-item-12425\"><a href=\"https:\/\/www.jesushuertadesoto.com\/en\/curriculum-vitae-en\/editorial-activities\/\">Editorial Activities<\/a><\/li><li id=\"menu-item-12430\" class=\"menu-item menu-item-type-post_type menu-item-object-page menu-item-12430\"><a href=\"https:\/\/www.jesushuertadesoto.com\/en\/curriculum-vitae-en\/quotes-and-references-on-prof-huerta-de-soto\/\">Quotes and References on Prof. Huerta de Soto<\/a><\/li><li id=\"menu-item-12429\" class=\"menu-item menu-item-type-post_type menu-item-object-page menu-item-12429\"><a href=\"https:\/\/www.jesushuertadesoto.com\/en\/curriculum-vitae-en\/ph-d-thesis\/\">Ph.D. Thesis<\/a><\/li><li id=\"menu-item-12426\" class=\"menu-item menu-item-type-post_type menu-item-object-page menu-item-12426\"><a href=\"https:\/\/www.jesushuertadesoto.com\/en\/curriculum-vitae-en\/funded-research\/\">Funded Research<\/a><\/li><li id=\"menu-item-12434\" class=\"menu-item menu-item-type-post_type menu-item-object-page menu-item-12434\"><a href=\"https:\/\/www.jesushuertadesoto.com\/en\/curriculum-vitae-en\/special-courses-and-lectures\/\">Special Courses and Lectures<\/a><\/li><li id=\"menu-item-12433\" class=\"menu-item menu-item-type-post_type menu-item-object-page menu-item-12433\"><a href=\"https:\/\/www.jesushuertadesoto.com\/en\/curriculum-vitae-en\/lectures-and-seminars\/\">Seminars and Conferences<\/a><\/li><li id=\"menu-item-12424\" class=\"menu-item menu-item-type-post_type menu-item-object-page menu-item-12424\"><a href=\"https:\/\/www.jesushuertadesoto.com\/en\/curriculum-vitae-en\/awards-and-scholarships\/\">Awards and Scholarships<\/a><\/li><li id=\"menu-item-12427\" class=\"menu-item menu-item-type-post_type menu-item-object-page menu-item-12427\"><a href=\"https:\/\/www.jesushuertadesoto.com\/en\/curriculum-vitae-en\/other-achievements\/\">Other Achievements<\/a><\/li><\/ul><style>@media ( max-width:600px ){.us_menu_1 .menu{display:block!important}.us_menu_1 .menu>li{margin:0 0 var(--main-gap,10px)!important}}<\/style><\/nav><\/div><\/div><div class=\"wpb_column vc_column_container cv-content\"><div class=\"vc_column-inner\"><h2 class=\"w-text\"><span class=\"w-text-h\"><span class=\"w-text-value\">Academic Degrees<\/span><\/span><\/h2><div class=\"w-vwrapper timeline align_none valign_top\" style=\"--vwrapper-gap:0rem\"><div class=\"w-hwrapper valign_top align_none\" style=\"--hwrapper-gap:0rem\"><div class=\"w-text us_custom_e2aee182 year\"><span class=\"w-text-h\"><span class=\"w-text-value\">2025<\/span><\/span><\/div><div class=\"wpb_text_column\"><div class=\"wpb_wrapper\"><h3>Doctor Honoris Causa en Econom\u00eda<\/h3>\n<p>Escuela Superior de Econom\u00eda y Administraci\u00f3n de empresas.<\/p>\n<div class=\"institution\">Buenos Aires. Argentina<\/div>\n<\/div><\/div><\/div><div class=\"w-hwrapper valign_top align_none\" style=\"--hwrapper-gap:0rem\"><div class=\"w-text us_custom_e2aee182 year\"><span class=\"w-text-h\"><span class=\"w-text-value\">2011<\/span><\/span><\/div><div class=\"wpb_text_column\"><div class=\"wpb_wrapper\"><h3>Doctor Honoris Causa en Econom\u00eda<\/h3>\n<p>Financial University under the Government of the Russian Federation.<\/p>\n<div class=\"institution\">Mosc\u00fa. Rusia<\/div>\n<\/div><\/div><\/div><div class=\"w-hwrapper valign_top align_none\" style=\"--hwrapper-gap:0rem\"><div class=\"w-text us_custom_e2aee182 year\"><span class=\"w-text-h\"><span class=\"w-text-value\">2010<\/span><\/span><\/div><div class=\"wpb_text_column\"><div class=\"wpb_wrapper\"><h3>Doctor Honoris Causa en Econom\u00eda<\/h3>\n<p>Universidad Alexandru Ioan Cuza de Iasi.<\/p>\n<div class=\"institution\">Ruman\u00eda<\/div>\n<\/div><\/div><\/div><div class=\"w-hwrapper valign_top align_none\" style=\"--hwrapper-gap:0rem\"><div class=\"w-text us_custom_e2aee182 year\"><span class=\"w-text-h\"><span class=\"w-text-value\">2009<\/span><\/span><\/div><div class=\"wpb_text_column\"><div class=\"wpb_wrapper\"><h3>Doctor Honoris Causa en Ciencias Sociales<\/h3>\n<p>Universidad Francisco Marroqu\u00edn.<\/p>\n<div class=\"institution\">Guatemala<\/div>\n<\/div><\/div><\/div><div class=\"w-hwrapper valign_top align_none\" style=\"--hwrapper-gap:0rem\"><div class=\"w-text us_custom_e2aee182 year\"><span class=\"w-text-h\"><span class=\"w-text-value\">1992<\/span><\/span><\/div><div class=\"wpb_text_column\"><div class=\"wpb_wrapper\"><h3>Doctor en Ciencias Econ\u00f3micas y Empresariales<\/h3>\n<p>Universidad Complutense de Madrid.<\/p>\n<ul>\n<li><strong>Calificaci\u00f3n:<\/strong> Apto \u201cCum Laude\u201d<\/li>\n<li><strong>T\u00edtulo de la tesis:<\/strong> La pol\u00e9mica sobre el c\u00e1lculo econ\u00f3mico socialista<\/li>\n<li><strong>Director de la tesis:<\/strong> Pedro Schwartz Gir\u00f3n<\/li>\n<\/ul>\n<div class=\"institution\">Madrid. Espa\u00f1a<\/div>\n<\/div><\/div><\/div><div class=\"w-hwrapper valign_top align_none\" style=\"--hwrapper-gap:0rem\"><div class=\"w-text us_custom_e2aee182 year\"><span class=\"w-text-h\"><span class=\"w-text-value\">1984<\/span><\/span><\/div><div class=\"wpb_text_column\"><div class=\"wpb_wrapper\"><h3>Doctor en Derecho<\/h3>\n<p>Universidad Complutense de Madrid.<\/p>\n<ul>\n<li><strong>Calificaci\u00f3n:<\/strong> Sobresaliente \u201cCum Laude\u201d<\/li>\n<li><strong>T\u00edtulo de la tesis:<\/strong> Planes de pensiones privados<\/li>\n<li><strong>Director de la tesis:<\/strong> Lucas Beltr\u00e1n Fl\u00f3rez<\/li>\n<\/ul>\n<div class=\"institution\">Madrid. Espa\u00f1a<\/div>\n<\/div><\/div><\/div><div class=\"w-hwrapper valign_top align_none\" style=\"--hwrapper-gap:0rem\"><div class=\"w-text us_custom_e2aee182 year\"><span class=\"w-text-h\"><span class=\"w-text-value\">1983<\/span><\/span><\/div><div class=\"wpb_text_column\"><div class=\"wpb_wrapper\"><h3>Master of Business Administration<\/h3>\n<p>Stanford University.<\/p>\n<div class=\"institution\">California. EEUU.<\/div>\n<\/div><\/div><\/div><div class=\"w-hwrapper valign_top align_none\" style=\"--hwrapper-gap:0rem\"><div class=\"w-text us_custom_e2aee182 year\"><span class=\"w-text-h\"><span class=\"w-text-value\">1978<\/span><\/span><\/div><div class=\"wpb_text_column\"><div class=\"wpb_wrapper\"><h3>Licenciado en Ciencias Econ\u00f3micas y Empresariales<\/h3>\n<p>Universidad Complutense de Madrid.<\/p>\n<ul>\n<li><strong>Secciones:<\/strong> Rama de Econom\u00eda General y Rama de la Empresa Financiera<\/li>\n<li><strong>Calificaci\u00f3n:<\/strong> Sobresaliente<\/li>\n<li><strong>Premio:<\/strong> Premio Extraordinario de Licenciatura\u00a0(4 de diciembre de 1981)<\/li>\n<\/ul>\n<div class=\"institution\">Madrid. Espa\u00f1a<\/div>\n<\/div><\/div><\/div><div class=\"w-hwrapper valign_top align_none\" style=\"--hwrapper-gap:0rem\"><div class=\"w-text us_custom_e2aee182 year\"><span class=\"w-text-h\"><span class=\"w-text-value\">1978<\/span><\/span><\/div><div class=\"wpb_text_column\"><div class=\"wpb_wrapper\"><h3>Licenciado en Derecho<\/h3>\n<p>Universidad Complutense de Madrid.<\/p>\n<ul>\n<li><strong>Calificaci\u00f3n:<\/strong> Sobresaliente<\/li>\n<\/ul>\n<div class=\"institution\">Madrid. Espa\u00f1a<\/div>\n<\/div><\/div><\/div><div class=\"w-hwrapper valign_top align_none\" style=\"--hwrapper-gap:0rem\"><div class=\"w-text us_custom_e2aee182 year\"><span class=\"w-text-h\"><span class=\"w-text-value\">1978<\/span><\/span><\/div><div class=\"wpb_text_column\"><div class=\"wpb_wrapper\"><h3>Actuario de Seguros<\/h3>\n<p>Universidad Complutense de Madrid.<\/p>\n<ul>\n<li><strong>Calificaci\u00f3n:<\/strong> Sobresaliente<\/li>\n<\/ul>\n<div class=\"institution\">Madrid. Espa\u00f1a<\/div>\n<\/div><\/div><\/div><div class=\"w-hwrapper valign_top align_none\" style=\"--hwrapper-gap:0rem\"><div class=\"w-text us_custom_e2aee182 year\"><span class=\"w-text-h\"><span class=\"w-text-value\">1974<\/span><\/span><\/div><div class=\"wpb_text_column\"><div class=\"wpb_wrapper\"><h3>Bachiller Superior<\/h3>\n<p>Universidad Complutense de Madrid.<\/p>\n<ul>\n<li><strong>Calificaci\u00f3n:<\/strong> Sobresaliente<\/li>\n<\/ul>\n<div class=\"institution\">Madrid. Espa\u00f1a<\/div>\n<\/div><\/div><\/div><div class=\"w-hwrapper valign_top align_none\" style=\"--hwrapper-gap:0rem\"><div class=\"w-text us_custom_e2aee182 year\"><span class=\"w-text-h\"><span class=\"w-text-value\">1970<\/span><\/span><\/div><div class=\"wpb_text_column\"><div class=\"wpb_wrapper\"><h3>Bachiller Elemental<\/h3>\n<p>Instituto Nacional de Ense\u00f1anza Ramiro de Maeztu.<\/p>\n<ul>\n<li><strong>Calificaci\u00f3n:<\/strong> Sobresaliente. Matr\u00edcula de Honor<\/li>\n<\/ul>\n<div class=\"institution\">Madrid. Espa\u00f1a<\/div>\n<\/div><\/div><\/div><\/div><div class=\"w-separator size_medium\"><\/div><h2 class=\"w-text\"><span class=\"w-text-h\"><span class=\"w-text-value\">Academic Degrees<\/span><\/span><\/h2><div class=\"w-gallery fit_cover type_grid action_popup_image ratio_2x3 count_5\" style=\"--columns:3;--items-gap:30px;\"><div class=\"w-gallery-list\"><div class=\"w-gallery-item\"><div class=\"w-gallery-item-img\"><img decoding=\"async\" width=\"872\" height=\"1280\" src=\"https:\/\/www.jesushuertadesoto.com\/wp-content\/uploads\/2014\/04\/ScanImage03.jpg\" class=\"attachment-full size-full\" alt=\"\" srcset=\"https:\/\/www.jesushuertadesoto.com\/wp-content\/uploads\/2014\/04\/ScanImage03.jpg 872w, https:\/\/www.jesushuertadesoto.com\/wp-content\/uploads\/2014\/04\/ScanImage03-204x300.jpg 204w, https:\/\/www.jesushuertadesoto.com\/wp-content\/uploads\/2014\/04\/ScanImage03-697x1024.jpg 697w\" sizes=\"(max-width: 872px) 100vw, 872px\" \/><\/div><a class=\"w-gallery-item-link\" aria-label=\"ScanImage03\" href=\"https:\/\/www.jesushuertadesoto.com\/wp-content\/uploads\/2014\/04\/ScanImage03.jpg\"><\/a><\/div><div class=\"w-gallery-item\"><div class=\"w-gallery-item-img\"><img decoding=\"async\" width=\"854\" height=\"1280\" src=\"https:\/\/www.jesushuertadesoto.com\/wp-content\/uploads\/2014\/04\/ScanImage04.jpg\" class=\"attachment-full size-full\" alt=\"\" srcset=\"https:\/\/www.jesushuertadesoto.com\/wp-content\/uploads\/2014\/04\/ScanImage04.jpg 854w, https:\/\/www.jesushuertadesoto.com\/wp-content\/uploads\/2014\/04\/ScanImage04-200x300.jpg 200w, https:\/\/www.jesushuertadesoto.com\/wp-content\/uploads\/2014\/04\/ScanImage04-683x1024.jpg 683w\" sizes=\"(max-width: 854px) 100vw, 854px\" \/><\/div><a class=\"w-gallery-item-link\" aria-label=\"ScanImage04\" href=\"https:\/\/www.jesushuertadesoto.com\/wp-content\/uploads\/2014\/04\/ScanImage04.jpg\"><\/a><\/div><div class=\"w-gallery-item\"><div class=\"w-gallery-item-img\"><img decoding=\"async\" width=\"821\" height=\"1280\" src=\"https:\/\/www.jesushuertadesoto.com\/wp-content\/uploads\/2014\/04\/ScanImage05.jpg\" class=\"attachment-full size-full\" alt=\"\" srcset=\"https:\/\/www.jesushuertadesoto.com\/wp-content\/uploads\/2014\/04\/ScanImage05.jpg 821w, https:\/\/www.jesushuertadesoto.com\/wp-content\/uploads\/2014\/04\/ScanImage05-192x300.jpg 192w, https:\/\/www.jesushuertadesoto.com\/wp-content\/uploads\/2014\/04\/ScanImage05-656x1024.jpg 656w\" sizes=\"(max-width: 821px) 100vw, 821px\" \/><\/div><a class=\"w-gallery-item-link\" aria-label=\"ScanImage05\" href=\"https:\/\/www.jesushuertadesoto.com\/wp-content\/uploads\/2014\/04\/ScanImage05.jpg\"><\/a><\/div><div class=\"w-gallery-item\"><div class=\"w-gallery-item-img\"><img decoding=\"async\" width=\"841\" height=\"1280\" src=\"https:\/\/www.jesushuertadesoto.com\/wp-content\/uploads\/2014\/04\/ScanImage01.jpg\" class=\"attachment-full size-full\" alt=\"\" srcset=\"https:\/\/www.jesushuertadesoto.com\/wp-content\/uploads\/2014\/04\/ScanImage01.jpg 841w, https:\/\/www.jesushuertadesoto.com\/wp-content\/uploads\/2014\/04\/ScanImage01-197x300.jpg 197w, https:\/\/www.jesushuertadesoto.com\/wp-content\/uploads\/2014\/04\/ScanImage01-672x1024.jpg 672w\" sizes=\"(max-width: 841px) 100vw, 841px\" \/><\/div><a class=\"w-gallery-item-link\" aria-label=\"ScanImage01\" href=\"https:\/\/www.jesushuertadesoto.com\/wp-content\/uploads\/2014\/04\/ScanImage01.jpg\"><\/a><\/div><div class=\"w-gallery-item\"><div class=\"w-gallery-item-img\"><img decoding=\"async\" width=\"823\" height=\"1280\" src=\"https:\/\/www.jesushuertadesoto.com\/wp-content\/uploads\/2014\/04\/ScanImage02.jpg\" class=\"attachment-full size-full\" alt=\"\" srcset=\"https:\/\/www.jesushuertadesoto.com\/wp-content\/uploads\/2014\/04\/ScanImage02.jpg 823w, https:\/\/www.jesushuertadesoto.com\/wp-content\/uploads\/2014\/04\/ScanImage02-192x300.jpg 192w, https:\/\/www.jesushuertadesoto.com\/wp-content\/uploads\/2014\/04\/ScanImage02-658x1024.jpg 658w\" sizes=\"(max-width: 823px) 100vw, 823px\" \/><\/div><a class=\"w-gallery-item-link\" aria-label=\"ScanImage02\" href=\"https:\/\/www.jesushuertadesoto.com\/wp-content\/uploads\/2014\/04\/ScanImage02.jpg\"><\/a><\/div><\/div><\/div><\/div><\/div><\/div><\/div><\/div><\/div><\/div><\/section>\n","protected":false},"excerpt":{"rendered":"Home Curr\u00edculum VitaePersonal DataAcademic DegreesTeaching ActivitiesResearch Activities: Publications (I)Research Activities: Publications (II)Other PublicationsEditorial ActivitiesQuotes and References on Prof. Huerta de SotoPh.D. ThesisFunded ResearchSpecial Courses and LecturesSeminars and ConferencesAwards and ScholarshipsOther AchievementsAcademic Degrees2025 Doctor Honoris Causa en Econom\u00eda Escuela Superior de Econom\u00eda y Administraci\u00f3n de empresas. Buenos Aires. Argentina 2011 Doctor Honoris Causa en Econom\u00eda Financial...","protected":false},"author":6,"featured_media":0,"parent":28,"menu_order":0,"comment_status":"closed","ping_status":"closed","template":"","meta":{"_acf_changed":false,"footnotes":""},"class_list":["post-2025","page","type-page","status-publish","hentry"],"acf":[],"_links":{"self":[{"href":"https:\/\/www.jesushuertadesoto.com\/en\/wp-json\/wp\/v2\/pages\/2025","targetHints":{"allow":["GET"]}}],"collection":[{"href":"https:\/\/www.jesushuertadesoto.com\/en\/wp-json\/wp\/v2\/pages"}],"about":[{"href":"https:\/\/www.jesushuertadesoto.com\/en\/wp-json\/wp\/v2\/types\/page"}],"author":[{"embeddable":true,"href":"https:\/\/www.jesushuertadesoto.com\/en\/wp-json\/wp\/v2\/users\/6"}],"replies":[{"embeddable":true,"href":"https:\/\/www.jesushuertadesoto.com\/en\/wp-json\/wp\/v2\/comments?post=2025"}],"version-history":[{"count":12,"href":"https:\/\/www.jesushuertadesoto.com\/en\/wp-json\/wp\/v2\/pages\/2025\/revisions"}],"predecessor-version":[{"id":12438,"href":"https:\/\/www.jesushuertadesoto.com\/en\/wp-json\/wp\/v2\/pages\/2025\/revisions\/12438"}],"up":[{"embeddable":true,"href":"https:\/\/www.jesushuertadesoto.com\/en\/wp-json\/wp\/v2\/pages\/28"}],"wp:attachment":[{"href":"https:\/\/www.jesushuertadesoto.com\/en\/wp-json\/wp\/v2\/media?parent=2025"}],"curies":[{"name":"wp","href":"https:\/\/api.w.org\/{rel}","templated":true}]}}