{"id":2031,"date":"2014-01-23T16:57:10","date_gmt":"2014-01-23T15:57:10","guid":{"rendered":"https:\/\/www.jesushuertadesoto.com\/?page_id=2031"},"modified":"2025-12-10T07:12:57","modified_gmt":"2025-12-10T06:12:57","slug":"teaching-activities","status":"publish","type":"page","link":"https:\/\/www.jesushuertadesoto.com\/en\/curriculum-vitae-en\/teaching-activities\/","title":{"rendered":"Teaching Activities"},"content":{"rendered":"<section class=\"l-section wpb_row cv-wrapper height_medium\"><div class=\"l-section-h i-cf\"><div class=\"g-cols vc_row via_grid cols_1 laptops-cols_inherit tablets-cols_inherit mobiles-cols_1 valign_top type_default stacking_default\"><div class=\"wpb_column vc_column_container\"><div class=\"vc_column-inner\"><div class=\"w-html\">    <div class=\"breadcrumbs\" typeof=\"BreadcrumbList\" vocab=\"https:\/\/schema.org\/\">\n        <!-- Breadcrumb NavXT 7.5.0 -->\n<span property=\"itemListElement\" typeof=\"ListItem\"><a property=\"item\" typeof=\"WebPage\" title=\"Go to Jes\u00fas Huerta de Soto.\" href=\"https:\/\/www.jesushuertadesoto.com\/en\/\" class=\"home\" aria-current=\"page\"><span property=\"name\">Home<\/span><\/a><meta property=\"position\" content=\"1\"><\/span>    <\/div>\n    <\/div><div class=\"g-cols wpb_row via_grid cols_1-2 laptops-cols_inherit tablets-cols_inherit mobiles-cols_1 valign_top type_default stacking_default\" style=\"--columns-gap:3rem;\"><div class=\"wpb_column vc_column_container cv-sidebar\"><div class=\"vc_column-inner\"><h1 class=\"w-text\"><span class=\"w-text-h\"><span class=\"w-text-value\">Curr\u00edculum Vitae<\/span><\/span><\/h1><nav class=\"w-menu layout_ver style_links us_menu_1 with_children\" style=\"--main-gap:10px;--main-ver-indent:0.8em;--main-hor-indent:0.8em;--main-color:inherit;--main-hover-color:#5E8EB6;--main-active-color:#5E8EB6;--sub-gap:6px;\"><ul id=\"menu-new-cariculam\" class=\"menu\"><li id=\"menu-item-12422\" class=\"menu-item menu-item-type-post_type menu-item-object-page menu-item-12422\"><a href=\"https:\/\/www.jesushuertadesoto.com\/en\/curriculum-vitae-en\/\">Personal Data<\/a><\/li><li id=\"menu-item-12423\" class=\"menu-item menu-item-type-post_type menu-item-object-page menu-item-12423\"><a href=\"https:\/\/www.jesushuertadesoto.com\/en\/curriculum-vitae-en\/academic-degrees\/\">Academic Degrees<\/a><\/li><li id=\"menu-item-12435\" class=\"menu-item menu-item-type-post_type menu-item-object-page menu-item-12435\"><a href=\"https:\/\/www.jesushuertadesoto.com\/en\/curriculum-vitae-en\/teaching-activities\/\">Teaching Activities<\/a><\/li><li id=\"menu-item-12431\" class=\"menu-item menu-item-type-post_type menu-item-object-page menu-item-12431\"><a href=\"https:\/\/www.jesushuertadesoto.com\/en\/curriculum-vitae-en\/research-activities-publications-i\/\">Research Activities: Publications (I)<\/a><\/li><li id=\"menu-item-12432\" class=\"menu-item menu-item-type-post_type menu-item-object-page menu-item-12432\"><a href=\"https:\/\/www.jesushuertadesoto.com\/en\/curriculum-vitae-en\/research-activities-publications-ii\/\">Research Activities: Publications (II)<\/a><\/li><li id=\"menu-item-12428\" class=\"menu-item menu-item-type-post_type menu-item-object-page menu-item-12428\"><a href=\"https:\/\/www.jesushuertadesoto.com\/en\/curriculum-vitae-en\/other-publications\/\">Other Publications<\/a><\/li><li id=\"menu-item-12425\" class=\"menu-item menu-item-type-post_type menu-item-object-page menu-item-12425\"><a href=\"https:\/\/www.jesushuertadesoto.com\/en\/curriculum-vitae-en\/editorial-activities\/\">Editorial Activities<\/a><\/li><li id=\"menu-item-12430\" class=\"menu-item menu-item-type-post_type menu-item-object-page menu-item-12430\"><a href=\"https:\/\/www.jesushuertadesoto.com\/en\/curriculum-vitae-en\/quotes-and-references-on-prof-huerta-de-soto\/\">Quotes and References on Prof. Huerta de Soto<\/a><\/li><li id=\"menu-item-12429\" class=\"menu-item menu-item-type-post_type menu-item-object-page menu-item-12429\"><a href=\"https:\/\/www.jesushuertadesoto.com\/en\/curriculum-vitae-en\/ph-d-thesis\/\">Ph.D. Thesis<\/a><\/li><li id=\"menu-item-12426\" class=\"menu-item menu-item-type-post_type menu-item-object-page menu-item-12426\"><a href=\"https:\/\/www.jesushuertadesoto.com\/en\/curriculum-vitae-en\/funded-research\/\">Funded Research<\/a><\/li><li id=\"menu-item-12434\" class=\"menu-item menu-item-type-post_type menu-item-object-page menu-item-12434\"><a href=\"https:\/\/www.jesushuertadesoto.com\/en\/curriculum-vitae-en\/special-courses-and-lectures\/\">Special Courses and Lectures<\/a><\/li><li id=\"menu-item-12433\" class=\"menu-item menu-item-type-post_type menu-item-object-page menu-item-12433\"><a href=\"https:\/\/www.jesushuertadesoto.com\/en\/curriculum-vitae-en\/lectures-and-seminars\/\">Seminars and Conferences<\/a><\/li><li id=\"menu-item-12424\" class=\"menu-item menu-item-type-post_type menu-item-object-page menu-item-12424\"><a href=\"https:\/\/www.jesushuertadesoto.com\/en\/curriculum-vitae-en\/awards-and-scholarships\/\">Awards and Scholarships<\/a><\/li><li id=\"menu-item-12427\" class=\"menu-item menu-item-type-post_type menu-item-object-page menu-item-12427\"><a href=\"https:\/\/www.jesushuertadesoto.com\/en\/curriculum-vitae-en\/other-achievements\/\">Other Achievements<\/a><\/li><\/ul><style>@media ( max-width:600px ){.us_menu_1 .menu{display:block!important}.us_menu_1 .menu>li{margin:0 0 var(--main-gap,10px)!important}}<\/style><\/nav><\/div><\/div><div class=\"wpb_column vc_column_container cv-content\"><div class=\"vc_column-inner\"><h2 class=\"w-text\"><span class=\"w-text-h\"><span class=\"w-text-value\">Teaching Activities<\/span><\/span><\/h2><div class=\"w-vwrapper timeline align_none valign_top\" style=\"--vwrapper-gap:0rem\"><div class=\"w-hwrapper valign_top align_none\" style=\"--hwrapper-gap:0rem\"><div class=\"w-text us_custom_e2aee182 year\"><span class=\"w-text-h\"><span class=\"w-text-value\">2007<\/span><\/span><\/div><div class=\"wpb_text_column\"><div class=\"wpb_wrapper\"><h3>Fundador, Director y Profesor M\u00e1ster de Econom\u00eda de la Escuela Austriaca<\/h3>\n<p>Universidad Rey Juan Carlos (Madrid)<\/p>\n<ul>\n<li><strong>Fecha de nombramiento:<\/strong> septiembre 2007<\/li>\n<\/ul>\n<\/div><\/div><\/div><div class=\"w-hwrapper valign_top align_none\" style=\"--hwrapper-gap:0rem\"><div class=\"w-text us_custom_e2aee182 year\"><span class=\"w-text-h\"><span class=\"w-text-value\">2000<\/span><\/span><\/div><div class=\"wpb_text_column\"><div class=\"wpb_wrapper\"><h3>Catedr\u00e1tico de Universidad (Full Professor)<\/h3>\n<p>Departamento de Econom\u00eda Aplicada I<br \/>\nFacultad de Ciencias Jur\u00eddicas y Sociales<br \/>\nUniversidad Rey Juan Carlos (Madrid)<\/p>\n<ul>\n<li><strong>Fecha de nombramiento:<\/strong> 19 de Octubre de 2000 (B.O.E. 2 de Noviembre de 2000)<\/li>\n<\/ul>\n<\/div><\/div><\/div><div class=\"w-hwrapper valign_top align_none\" style=\"--hwrapper-gap:0rem\"><div class=\"w-text us_custom_e2aee182 year\"><span class=\"w-text-h\"><span class=\"w-text-value\">1988<\/span><\/span><\/div><div class=\"wpb_text_column\"><div class=\"wpb_wrapper\"><h3>Profesor Titular de Universidad<\/h3>\n<p>Departamento de Econom\u00eda Aplicada IV (Econom\u00eda Pol\u00edtica y Hacienda P\u00fablica)<br \/>\nFacultad de Derecho<br \/>\nUniversidad Complutense de Madrid<\/p>\n<ul>\n<li><strong>Fecha de nombramiento:<\/strong> 28 de Octubre de 1988<\/li>\n<\/ul>\n<\/div><\/div><\/div><div class=\"w-hwrapper valign_top align_none\" style=\"--hwrapper-gap:0rem\"><div class=\"w-text us_custom_e2aee182 year\"><span class=\"w-text-h\"><span class=\"w-text-value\">1987<\/span><\/span><\/div><div class=\"wpb_text_column\"><div class=\"wpb_wrapper\"><h3>Catedr\u00e1tico Interino<\/h3>\n<p>Departamento de Econom\u00eda Aplicada IV (Econom\u00eda Pol\u00edtica y Hacienda P\u00fablica)<br \/>\nFacultad de Derecho<br \/>\nUniversidad Complutense de Madrid<\/p>\n<ul>\n<li><strong>Fecha de nombramiento:<\/strong> 1 de Octubre de 1987<\/li>\n<li><strong>Fecha de terminaci\u00f3n:<\/strong> 28 de Octubre de 1988<\/li>\n<\/ul>\n<\/div><\/div><\/div><div class=\"w-hwrapper valign_top align_none\" style=\"--hwrapper-gap:0rem\"><div class=\"w-text us_custom_e2aee182 year\"><span class=\"w-text-h\"><span class=\"w-text-value\">1986<\/span><\/span><\/div><div class=\"wpb_text_column\"><div class=\"wpb_wrapper\"><h3>Catedr\u00e1tico Interino<\/h3>\n<p>Departamento de Econom\u00eda Pol\u00edtica y Hacienda P\u00fablica<br \/>\nFacultad de Derecho<br \/>\nUniversidad Complutense de Madrid<\/p>\n<ul>\n<li><strong>Fecha de nombramiento:<\/strong> 17 de Noviembre de 1986<\/li>\n<li><strong>Fecha de terminaci\u00f3n:<\/strong> 1 de Octubre de 1987<\/li>\n<\/ul>\n<\/div><\/div><\/div><div class=\"w-hwrapper valign_top align_none\" style=\"--hwrapper-gap:0rem\"><div class=\"w-text us_custom_e2aee182 year\"><span class=\"w-text-h\"><span class=\"w-text-value\">1985<\/span><\/span><\/div><div class=\"wpb_text_column\"><div class=\"wpb_wrapper\"><h3>Catedr\u00e1tico Interino<\/h3>\n<p>Departamento de Econom\u00eda Pol\u00edtica y Hacienda P\u00fablica<br \/>\nFacultad de Derecho<br \/>\nUniversidad Complutense de Madrid<\/p>\n<ul>\n<li><strong>Fecha de nombramiento:<\/strong> 1 de Octubre de 1985<\/li>\n<li><strong>Fecha de terminaci\u00f3n:<\/strong> 17 de Noviembre de 1986<\/li>\n<\/ul>\n<\/div><\/div><\/div><div class=\"w-hwrapper valign_top align_none\" style=\"--hwrapper-gap:0rem\"><div class=\"w-text us_custom_e2aee182 year\"><span class=\"w-text-h\"><span class=\"w-text-value\">1982<\/span><\/span><\/div><div class=\"wpb_text_column\"><div class=\"wpb_wrapper\"><h3>Colaborador de C\u00e1tedra<\/h3>\n<p>Facultad de Derecho<br \/>\nUniversidad Complutense de Madrid<\/p>\n<ul>\n<li><strong>Curso:<\/strong> 1982-1983<\/li>\n<\/ul>\n<\/div><\/div><\/div><div class=\"w-hwrapper valign_top align_none\" style=\"--hwrapper-gap:0rem\"><div class=\"w-text us_custom_e2aee182 year\"><span class=\"w-text-h\"><span class=\"w-text-value\">1979<\/span><\/span><\/div><div class=\"wpb_text_column\"><div class=\"wpb_wrapper\"><h3>Profesor Ayudante<\/h3>\n<p>Facultad de Derecho<br \/>\nUniversidad Complutense de Madrid<\/p>\n<ul>\n<li><strong>Fecha de nombramiento:<\/strong> 15 de Octubre de 1979<\/li>\n<li><strong>Fecha de terminaci\u00f3n:<\/strong> 1 de Octubre de 1980<\/li>\n<\/ul>\n<\/div><\/div><\/div><\/div><\/div><\/div><\/div><\/div><\/div><\/div><\/div><\/section>\n","protected":false},"excerpt":{"rendered":"Home Curr\u00edculum VitaePersonal DataAcademic DegreesTeaching ActivitiesResearch Activities: Publications (I)Research Activities: Publications (II)Other PublicationsEditorial ActivitiesQuotes and References on Prof. Huerta de SotoPh.D. ThesisFunded ResearchSpecial Courses and LecturesSeminars and ConferencesAwards and ScholarshipsOther AchievementsTeaching Activities2007 Fundador, Director y Profesor M\u00e1ster de Econom\u00eda de la Escuela Austriaca Universidad Rey Juan Carlos (Madrid) Fecha de nombramiento: septiembre 2007 2000 Catedr\u00e1tico...","protected":false},"author":6,"featured_media":0,"parent":28,"menu_order":0,"comment_status":"closed","ping_status":"closed","template":"","meta":{"_acf_changed":false,"footnotes":""},"class_list":["post-2031","page","type-page","status-publish","hentry"],"acf":[],"_links":{"self":[{"href":"https:\/\/www.jesushuertadesoto.com\/en\/wp-json\/wp\/v2\/pages\/2031","targetHints":{"allow":["GET"]}}],"collection":[{"href":"https:\/\/www.jesushuertadesoto.com\/en\/wp-json\/wp\/v2\/pages"}],"about":[{"href":"https:\/\/www.jesushuertadesoto.com\/en\/wp-json\/wp\/v2\/types\/page"}],"author":[{"embeddable":true,"href":"https:\/\/www.jesushuertadesoto.com\/en\/wp-json\/wp\/v2\/users\/6"}],"replies":[{"embeddable":true,"href":"https:\/\/www.jesushuertadesoto.com\/en\/wp-json\/wp\/v2\/comments?post=2031"}],"version-history":[{"count":6,"href":"https:\/\/www.jesushuertadesoto.com\/en\/wp-json\/wp\/v2\/pages\/2031\/revisions"}],"predecessor-version":[{"id":12449,"href":"https:\/\/www.jesushuertadesoto.com\/en\/wp-json\/wp\/v2\/pages\/2031\/revisions\/12449"}],"up":[{"embeddable":true,"href":"https:\/\/www.jesushuertadesoto.com\/en\/wp-json\/wp\/v2\/pages\/28"}],"wp:attachment":[{"href":"https:\/\/www.jesushuertadesoto.com\/en\/wp-json\/wp\/v2\/media?parent=2031"}],"curies":[{"name":"wp","href":"https:\/\/api.w.org\/{rel}","templated":true}]}}