{"id":2074,"date":"2014-01-23T17:26:03","date_gmt":"2014-01-23T16:26:03","guid":{"rendered":"https:\/\/www.jesushuertadesoto.com\/?page_id=2074"},"modified":"2025-12-10T07:08:14","modified_gmt":"2025-12-10T06:08:14","slug":"awards-and-scholarships","status":"publish","type":"page","link":"https:\/\/www.jesushuertadesoto.com\/en\/curriculum-vitae-en\/awards-and-scholarships\/","title":{"rendered":"Awards and Scholarships"},"content":{"rendered":"<section class=\"l-section wpb_row cv-wrapper height_medium\"><div class=\"l-section-h i-cf\"><div class=\"g-cols vc_row via_grid cols_1 laptops-cols_inherit tablets-cols_inherit mobiles-cols_1 valign_top type_default stacking_default\"><div class=\"wpb_column vc_column_container\"><div class=\"vc_column-inner\"><div class=\"w-html\">    <div class=\"breadcrumbs\" typeof=\"BreadcrumbList\" vocab=\"https:\/\/schema.org\/\">\n        <!-- Breadcrumb NavXT 7.5.0 -->\n<span property=\"itemListElement\" typeof=\"ListItem\"><a property=\"item\" typeof=\"WebPage\" title=\"Go to Jes\u00fas Huerta de Soto.\" href=\"https:\/\/www.jesushuertadesoto.com\/en\/\" class=\"home\" aria-current=\"page\"><span property=\"name\">Home<\/span><\/a><meta property=\"position\" content=\"1\"><\/span>    <\/div>\n    <\/div><div class=\"g-cols wpb_row via_grid cols_1-2 laptops-cols_inherit tablets-cols_inherit mobiles-cols_1 valign_top type_default stacking_default\" style=\"--columns-gap:3rem;\"><div class=\"wpb_column vc_column_container cv-sidebar\"><div class=\"vc_column-inner\"><h1 class=\"w-text\"><span class=\"w-text-h\"><span class=\"w-text-value\">Curr\u00edculum Vitae<\/span><\/span><\/h1><nav class=\"w-menu layout_ver style_links us_menu_1 with_children\" style=\"--main-gap:10px;--main-ver-indent:0.8em;--main-hor-indent:0.8em;--main-color:inherit;--main-hover-color:#5E8EB6;--main-active-color:#5E8EB6;--sub-gap:6px;\"><ul id=\"menu-new-cariculam\" class=\"menu\"><li id=\"menu-item-12422\" class=\"menu-item menu-item-type-post_type menu-item-object-page menu-item-12422\"><a href=\"https:\/\/www.jesushuertadesoto.com\/en\/curriculum-vitae-en\/\">Personal Data<\/a><\/li><li id=\"menu-item-12423\" class=\"menu-item menu-item-type-post_type menu-item-object-page menu-item-12423\"><a href=\"https:\/\/www.jesushuertadesoto.com\/en\/curriculum-vitae-en\/academic-degrees\/\">Academic Degrees<\/a><\/li><li id=\"menu-item-12435\" class=\"menu-item menu-item-type-post_type menu-item-object-page menu-item-12435\"><a href=\"https:\/\/www.jesushuertadesoto.com\/en\/curriculum-vitae-en\/teaching-activities\/\">Teaching Activities<\/a><\/li><li id=\"menu-item-12431\" class=\"menu-item menu-item-type-post_type menu-item-object-page menu-item-12431\"><a href=\"https:\/\/www.jesushuertadesoto.com\/en\/curriculum-vitae-en\/research-activities-publications-i\/\">Research Activities: Publications (I)<\/a><\/li><li id=\"menu-item-12432\" class=\"menu-item menu-item-type-post_type menu-item-object-page menu-item-12432\"><a href=\"https:\/\/www.jesushuertadesoto.com\/en\/curriculum-vitae-en\/research-activities-publications-ii\/\">Research Activities: Publications (II)<\/a><\/li><li id=\"menu-item-12428\" class=\"menu-item menu-item-type-post_type menu-item-object-page menu-item-12428\"><a href=\"https:\/\/www.jesushuertadesoto.com\/en\/curriculum-vitae-en\/other-publications\/\">Other Publications<\/a><\/li><li id=\"menu-item-12425\" class=\"menu-item menu-item-type-post_type menu-item-object-page menu-item-12425\"><a href=\"https:\/\/www.jesushuertadesoto.com\/en\/curriculum-vitae-en\/editorial-activities\/\">Editorial Activities<\/a><\/li><li id=\"menu-item-12430\" class=\"menu-item menu-item-type-post_type menu-item-object-page menu-item-12430\"><a href=\"https:\/\/www.jesushuertadesoto.com\/en\/curriculum-vitae-en\/quotes-and-references-on-prof-huerta-de-soto\/\">Quotes and References on Prof. Huerta de Soto<\/a><\/li><li id=\"menu-item-12429\" class=\"menu-item menu-item-type-post_type menu-item-object-page menu-item-12429\"><a href=\"https:\/\/www.jesushuertadesoto.com\/en\/curriculum-vitae-en\/ph-d-thesis\/\">Ph.D. Thesis<\/a><\/li><li id=\"menu-item-12426\" class=\"menu-item menu-item-type-post_type menu-item-object-page menu-item-12426\"><a href=\"https:\/\/www.jesushuertadesoto.com\/en\/curriculum-vitae-en\/funded-research\/\">Funded Research<\/a><\/li><li id=\"menu-item-12434\" class=\"menu-item menu-item-type-post_type menu-item-object-page menu-item-12434\"><a href=\"https:\/\/www.jesushuertadesoto.com\/en\/curriculum-vitae-en\/special-courses-and-lectures\/\">Special Courses and Lectures<\/a><\/li><li id=\"menu-item-12433\" class=\"menu-item menu-item-type-post_type menu-item-object-page menu-item-12433\"><a href=\"https:\/\/www.jesushuertadesoto.com\/en\/curriculum-vitae-en\/lectures-and-seminars\/\">Seminars and Conferences<\/a><\/li><li id=\"menu-item-12424\" class=\"menu-item menu-item-type-post_type menu-item-object-page menu-item-12424\"><a href=\"https:\/\/www.jesushuertadesoto.com\/en\/curriculum-vitae-en\/awards-and-scholarships\/\">Awards and Scholarships<\/a><\/li><li id=\"menu-item-12427\" class=\"menu-item menu-item-type-post_type menu-item-object-page menu-item-12427\"><a href=\"https:\/\/www.jesushuertadesoto.com\/en\/curriculum-vitae-en\/other-achievements\/\">Other Achievements<\/a><\/li><\/ul><style>@media ( max-width:600px ){.us_menu_1 .menu{display:block!important}.us_menu_1 .menu>li{margin:0 0 var(--main-gap,10px)!important}}<\/style><\/nav><\/div><\/div><div class=\"wpb_column vc_column_container cv-content\"><div class=\"vc_column-inner\"><h2 class=\"w-text\"><span class=\"w-text-h\"><span class=\"w-text-value\">Awards and Scholarships<\/span><\/span><\/h2><div class=\"w-vwrapper timeline-list reversed align_none valign_top\" style=\"--vwrapper-gap:0rem\"><div class=\"wpb_text_column\"><div class=\"wpb_wrapper\"><p><strong>Liber Amicorum<\/strong> publicado por la prestigiosa editorial Palgrave Macmillan en el que participan 52 acad\u00e9micos de todo el mundo. (The Emergence of a Tradition: Essays in Honor of Jes\u00fas Huerta de soto, Volumen I \u2013 Money and the Market Process y Volumen II \u2013 Philosophy and Political Economy, editores David Howden y Philipp Bagus, Palgrave Macmillan, Switzerland, 2023)<\/p>\n<\/div><\/div><div class=\"wpb_text_column\"><div class=\"wpb_wrapper\"><h3>Premio \u201cEscuela de Salamanca\u201d<\/h3>\n<p>Club de los Viernes Salamanca<br \/>\nSalamanca, 19 de Octubre de 2018<\/p>\n<\/div><\/div><div class=\"wpb_text_column\"><div class=\"wpb_wrapper\"><h3>Premio \u201cJuan de Mariana\u201d<\/h3>\n<p>Instituto Juan de Mariana<br \/>\nMadrid, 3 de Junio de 2016<\/p>\n<\/div><\/div><div class=\"wpb_text_column\"><div class=\"wpb_wrapper\"><h3>Premio \u201cGold Hayek\u2019s Medal\u201d<\/h3>\n<p>Friedrich A. von Hayek-Gesellschaft<br \/>\nG\u00f6ttingen, Alemania, 21 de Junio de 2013<\/p>\n<\/div><\/div><div class=\"wpb_text_column\"><div class=\"wpb_wrapper\"><h3>Doctor Honoris Causa<\/h3>\n<p>Financial University under the Government of the Russian Federation<br \/>\nMosc\u00fa, 29 de Abril de 2011<\/p>\n<\/div><\/div><div class=\"wpb_text_column\"><div class=\"wpb_wrapper\"><h3>Doctor Honoris Causa<\/h3>\n<p>Universitatea \u201cAlexandru Ioan Cuza\u201d de Iasi<br \/>\nIasi, Rumania, 22 de Octubre de 2010<\/p>\n<\/div><\/div><div class=\"wpb_text_column\"><div class=\"wpb_wrapper\"><h3>Medalla de \u201cFoment del Treball Nacional\u201d<\/h3>\n<p>Barcelona, 27 de Enero de 2010<\/p>\n<\/div><\/div><div class=\"wpb_text_column\"><div class=\"wpb_wrapper\"><h3>Premio \u201cGary G. Schlarbaum Award for Lifetime Achievement in Liberty\u201d<\/h3>\n<p>Convento de San Esteban<br \/>\nSalamanca, 24 de Octubre de 2009<br \/>\nDiscurso de recepci\u00f3n del Premio sobre \u201cThe Roots and Essence of Austrian Economics\u201d<\/p>\n<\/div><\/div><div class=\"wpb_text_column\"><div class=\"wpb_wrapper\"><h3>Doctor Honoris Causa en Ciencias Sociales<\/h3>\n<p>Universidad Francisco Marroqu\u00edn de Guatemala<br \/>\nGuatemala, 2 de Mayo de 2009<\/p>\n<\/div><\/div><div class=\"wpb_text_column\"><div class=\"wpb_wrapper\"><h3>Premio \u201cFranz Cuhel Memorial Prize for Excellence in Economic Education\u201d<\/h3>\n<p>Universidad de Econom\u00eda de Praga<br \/>\nPraga, 21 de Abril de 2006<br \/>\nDiscurso de recepci\u00f3n del Premio sobre \u201cThe Theory of Dynamic Efficiency\u201d<\/p>\n<\/div><\/div><div class=\"wpb_text_column\"><div class=\"wpb_wrapper\"><h3>Premio \u201cAdam Smith\u201d<\/h3>\n<p>Centre for the New Europe de Bruselas<br \/>\nBruselas, 18 de Febrero de 2005<br \/>\nDiscurso de recepci\u00f3n del Premio sobre \u201cThe Spanish Roots of Liberalism\u201d<\/p>\n<\/div><\/div><div class=\"wpb_text_column\"><div class=\"wpb_wrapper\"><h3>Premio Internacional de Econom\u00eda &#8220;Rey Juan Carlos&#8221;<\/h3>\n<p>(Compartido con Francisco Javier Soler)<br \/>\nRecibido de su Majestad el Rey, el 10 de Noviembre de 1983<br \/>\n<strong>Jurado calificador:<\/strong><br \/>\n<strong>Presidente:<\/strong><br \/>\nD. Jos\u00e9 Ram\u00f3n \u00c1lvarez Rendueles, Gobernador del Banco de Espa\u00f1a<br \/>\n<strong>Vocales:<\/strong><br \/>\nD. Eugenio Domingo Solans<br \/>\nD. \u00c1ngel Serrano Mart\u00edn<br \/>\nD. Juan Luis Iglesias Prado<br \/>\nD. Rodrigo Ur\u00eda Gonz\u00e1lez<br \/>\nD. Eugenio Prieto P\u00e9rez<br \/>\nD. Pedro Aspe Armela<br \/>\nD. Jorge Rend\u00f3n V\u00e1zquez<\/p>\n<p><strong>Entidades patrocinadoras:<\/strong><br \/>\nInstituto de Espa\u00f1a<br \/>\nBanco de Espa\u00f1a<\/p>\n<\/div><\/div><div class=\"wpb_text_column\"><div class=\"wpb_wrapper\"><h3>Premio Extraordinario de Licenciatura<\/h3>\n<p>Facultad de Ciencias Econ\u00f3micas y Empresariales<br \/>\nUniversidad Complutense de Madrid<br \/>\n4 de Diciembre de 1981<\/p>\n<\/div><\/div><div class=\"wpb_text_column\"><div class=\"wpb_wrapper\"><h3>Becado por el Banco de Espa\u00f1a<\/h3>\n<p>Para la realizaci\u00f3n de estudios superiores de<br \/>\nEconom\u00eda Pol\u00edtica en EE.UU.<br \/>\nStanford University, California<br \/>\nCursos 1980-1983<\/p>\n<\/div><\/div><div class=\"wpb_text_column\"><div class=\"wpb_wrapper\"><h3>Nominado para el Premio de Econom\u00eda &#8220;Rey Jaime I&#8221;<\/h3>\n<p>Convocatoria de 1993<br \/>\nConvocatoria de 1994<\/p>\n<\/div><\/div><\/div><\/div><\/div><\/div><\/div><\/div><\/div><\/div><\/section>\n","protected":false},"excerpt":{"rendered":"Home Curr\u00edculum VitaePersonal DataAcademic DegreesTeaching ActivitiesResearch Activities: Publications (I)Research Activities: Publications (II)Other PublicationsEditorial ActivitiesQuotes and References on Prof. Huerta de SotoPh.D. ThesisFunded ResearchSpecial Courses and LecturesSeminars and ConferencesAwards and ScholarshipsOther AchievementsAwards and ScholarshipsLiber Amicorum publicado por la prestigiosa editorial Palgrave Macmillan en el que participan 52 acad\u00e9micos de todo el mundo. (The Emergence of a...","protected":false},"author":6,"featured_media":0,"parent":28,"menu_order":0,"comment_status":"closed","ping_status":"closed","template":"","meta":{"_acf_changed":false,"footnotes":""},"class_list":["post-2074","page","type-page","status-publish","hentry"],"acf":[],"_links":{"self":[{"href":"https:\/\/www.jesushuertadesoto.com\/en\/wp-json\/wp\/v2\/pages\/2074","targetHints":{"allow":["GET"]}}],"collection":[{"href":"https:\/\/www.jesushuertadesoto.com\/en\/wp-json\/wp\/v2\/pages"}],"about":[{"href":"https:\/\/www.jesushuertadesoto.com\/en\/wp-json\/wp\/v2\/types\/page"}],"author":[{"embeddable":true,"href":"https:\/\/www.jesushuertadesoto.com\/en\/wp-json\/wp\/v2\/users\/6"}],"replies":[{"embeddable":true,"href":"https:\/\/www.jesushuertadesoto.com\/en\/wp-json\/wp\/v2\/comments?post=2074"}],"version-history":[{"count":7,"href":"https:\/\/www.jesushuertadesoto.com\/en\/wp-json\/wp\/v2\/pages\/2074\/revisions"}],"predecessor-version":[{"id":12439,"href":"https:\/\/www.jesushuertadesoto.com\/en\/wp-json\/wp\/v2\/pages\/2074\/revisions\/12439"}],"up":[{"embeddable":true,"href":"https:\/\/www.jesushuertadesoto.com\/en\/wp-json\/wp\/v2\/pages\/28"}],"wp:attachment":[{"href":"https:\/\/www.jesushuertadesoto.com\/en\/wp-json\/wp\/v2\/media?parent=2074"}],"curies":[{"name":"wp","href":"https:\/\/api.w.org\/{rel}","templated":true}]}}