{"id":28,"date":"2014-01-18T09:12:45","date_gmt":"2014-01-18T08:12:45","guid":{"rendered":"https:\/\/www.jesushuertadesoto.com\/wordpress\/?page_id=28"},"modified":"2025-12-10T07:06:17","modified_gmt":"2025-12-10T06:06:17","slug":"curriculum-vitae-en","status":"publish","type":"page","link":"https:\/\/www.jesushuertadesoto.com\/en\/curriculum-vitae-en\/","title":{"rendered":"Curriculum Vitae"},"content":{"rendered":"<section class=\"l-section wpb_row cv-wrapper height_medium\"><div class=\"l-section-h i-cf\"><div class=\"g-cols vc_row via_grid cols_1 laptops-cols_inherit tablets-cols_inherit mobiles-cols_1 valign_top type_default stacking_default\"><div class=\"wpb_column vc_column_container\"><div class=\"vc_column-inner\"><div class=\"w-html\">    <div class=\"breadcrumbs\" typeof=\"BreadcrumbList\" vocab=\"https:\/\/schema.org\/\">\n        <!-- Breadcrumb NavXT 7.5.0 -->\n<span property=\"itemListElement\" typeof=\"ListItem\"><a property=\"item\" typeof=\"WebPage\" title=\"Go to Jes\u00fas Huerta de Soto.\" href=\"https:\/\/www.jesushuertadesoto.com\/en\/\" class=\"home\" aria-current=\"page\"><span property=\"name\">Home<\/span><\/a><meta property=\"position\" content=\"1\"><\/span>    <\/div>\n    <\/div><div class=\"g-cols wpb_row via_grid cols_1-2 laptops-cols_inherit tablets-cols_inherit mobiles-cols_1 valign_top type_default stacking_default\" style=\"--columns-gap:3rem;\"><div class=\"wpb_column vc_column_container cv-sidebar\"><div class=\"vc_column-inner\"><h1 class=\"w-text\"><span class=\"w-text-h\"><span class=\"w-text-value\">Curr\u00edculum Vitae<\/span><\/span><\/h1><nav class=\"w-menu layout_ver style_links us_menu_1 with_children\" style=\"--main-gap:10px;--main-ver-indent:0.8em;--main-hor-indent:0.8em;--main-color:inherit;--main-hover-color:#5E8EB6;--main-active-color:#5E8EB6;--sub-gap:6px;\"><ul id=\"menu-new-cariculam\" class=\"menu\"><li id=\"menu-item-12422\" class=\"menu-item menu-item-type-post_type menu-item-object-page menu-item-12422\"><a href=\"https:\/\/www.jesushuertadesoto.com\/en\/curriculum-vitae-en\/\">Personal Data<\/a><\/li><li id=\"menu-item-12423\" class=\"menu-item menu-item-type-post_type menu-item-object-page menu-item-12423\"><a href=\"https:\/\/www.jesushuertadesoto.com\/en\/curriculum-vitae-en\/academic-degrees\/\">Academic Degrees<\/a><\/li><li id=\"menu-item-12435\" class=\"menu-item menu-item-type-post_type menu-item-object-page menu-item-12435\"><a href=\"https:\/\/www.jesushuertadesoto.com\/en\/curriculum-vitae-en\/teaching-activities\/\">Teaching Activities<\/a><\/li><li id=\"menu-item-12431\" class=\"menu-item menu-item-type-post_type menu-item-object-page menu-item-12431\"><a href=\"https:\/\/www.jesushuertadesoto.com\/en\/curriculum-vitae-en\/research-activities-publications-i\/\">Research Activities: Publications (I)<\/a><\/li><li id=\"menu-item-12432\" class=\"menu-item menu-item-type-post_type menu-item-object-page menu-item-12432\"><a href=\"https:\/\/www.jesushuertadesoto.com\/en\/curriculum-vitae-en\/research-activities-publications-ii\/\">Research Activities: Publications (II)<\/a><\/li><li id=\"menu-item-12428\" class=\"menu-item menu-item-type-post_type menu-item-object-page menu-item-12428\"><a href=\"https:\/\/www.jesushuertadesoto.com\/en\/curriculum-vitae-en\/other-publications\/\">Other Publications<\/a><\/li><li id=\"menu-item-12425\" class=\"menu-item menu-item-type-post_type menu-item-object-page menu-item-12425\"><a href=\"https:\/\/www.jesushuertadesoto.com\/en\/curriculum-vitae-en\/editorial-activities\/\">Editorial Activities<\/a><\/li><li id=\"menu-item-12430\" class=\"menu-item menu-item-type-post_type menu-item-object-page menu-item-12430\"><a href=\"https:\/\/www.jesushuertadesoto.com\/en\/curriculum-vitae-en\/quotes-and-references-on-prof-huerta-de-soto\/\">Quotes and References on Prof. Huerta de Soto<\/a><\/li><li id=\"menu-item-12429\" class=\"menu-item menu-item-type-post_type menu-item-object-page menu-item-12429\"><a href=\"https:\/\/www.jesushuertadesoto.com\/en\/curriculum-vitae-en\/ph-d-thesis\/\">Ph.D. Thesis<\/a><\/li><li id=\"menu-item-12426\" class=\"menu-item menu-item-type-post_type menu-item-object-page menu-item-12426\"><a href=\"https:\/\/www.jesushuertadesoto.com\/en\/curriculum-vitae-en\/funded-research\/\">Funded Research<\/a><\/li><li id=\"menu-item-12434\" class=\"menu-item menu-item-type-post_type menu-item-object-page menu-item-12434\"><a href=\"https:\/\/www.jesushuertadesoto.com\/en\/curriculum-vitae-en\/special-courses-and-lectures\/\">Special Courses and Lectures<\/a><\/li><li id=\"menu-item-12433\" class=\"menu-item menu-item-type-post_type menu-item-object-page menu-item-12433\"><a href=\"https:\/\/www.jesushuertadesoto.com\/en\/curriculum-vitae-en\/lectures-and-seminars\/\">Seminars and Conferences<\/a><\/li><li id=\"menu-item-12424\" class=\"menu-item menu-item-type-post_type menu-item-object-page menu-item-12424\"><a href=\"https:\/\/www.jesushuertadesoto.com\/en\/curriculum-vitae-en\/awards-and-scholarships\/\">Awards and Scholarships<\/a><\/li><li id=\"menu-item-12427\" class=\"menu-item menu-item-type-post_type menu-item-object-page menu-item-12427\"><a href=\"https:\/\/www.jesushuertadesoto.com\/en\/curriculum-vitae-en\/other-achievements\/\">Other Achievements<\/a><\/li><\/ul><style>@media ( max-width:600px ){.us_menu_1 .menu{display:block!important}.us_menu_1 .menu>li{margin:0 0 var(--main-gap,10px)!important}}<\/style><\/nav><\/div><\/div><div class=\"wpb_column vc_column_container cv-content\"><div class=\"vc_column-inner\"><h2 class=\"w-text\"><span class=\"w-text-h\"><span class=\"w-text-value\">Personal Data<\/span><\/span><\/h2><div class=\"w-vwrapper cv-detail align_none valign_top\" style=\"--vwrapper-gap:0rem\"><div class=\"w-hwrapper valign_top align_none\" style=\"--hwrapper-gap:0rem\"><div class=\"w-image align_none\"><div class=\"w-image-h\"><img decoding=\"async\" width=\"706\" height=\"818\" src=\"https:\/\/www.jesushuertadesoto.com\/wp-content\/uploads\/2025\/11\/HUERTA-DE-SOTO.jpg\" class=\"attachment-full size-full\" alt=\"\" loading=\"lazy\" srcset=\"https:\/\/www.jesushuertadesoto.com\/wp-content\/uploads\/2025\/11\/HUERTA-DE-SOTO.jpg 706w, https:\/\/www.jesushuertadesoto.com\/wp-content\/uploads\/2025\/11\/HUERTA-DE-SOTO-259x300.jpg 259w\" sizes=\"auto, (max-width: 706px) 100vw, 706px\" \/><\/div><\/div><div class=\"wpb_text_column\"><div class=\"wpb_wrapper\"><h3>Jes\u00fas Huerta de Soto Ballester<\/h3>\n<p><strong>Fecha de nacimiento:<\/strong> 23 de diciembre de 1956<br \/>\n<strong>Localidad:<\/strong> Madrid<br \/>\n<strong>Estado civil:<\/strong> Casado<br \/>\n<strong>DNI:<\/strong> 2.194.025-D (Expedici\u00f3n: 13 de junio de 2000)<br \/>\n<strong>Domicilio:<\/strong> Pr\u00edncipe de Vergara, 38 28001 Madrid<br \/>\n<strong>Tel\u00e9fono:<\/strong> 91 435 59 80<br \/>\n<strong>E-mail:<\/strong> huertadesoto@dimasoft.es<\/p>\n<\/div><\/div><\/div><div class=\"w-hwrapper additional-detail valign_top align_none\" style=\"--hwrapper-gap:0rem\"><div class=\"w-text\"><span class=\"w-text-h\"><span class=\"w-text-value\"><strong>Categor\u00eda<\/strong><\/span><\/span><\/div><div class=\"w-text\"><span class=\"w-text-h\"><span class=\"w-text-value\">Catedr\u00e1tico de Universidad<\/span><\/span><\/div><\/div><div class=\"w-hwrapper additional-detail valign_top align_none\" style=\"--hwrapper-gap:0rem\"><div class=\"w-text\"><span class=\"w-text-h\"><span class=\"w-text-value\"><strong>\u00c1rea de conocimiento<\/strong><\/span><\/span><\/div><div class=\"w-text\"><span class=\"w-text-h\"><span class=\"w-text-value\">Econom\u00eda Aplicada<br \/>\n(Econom\u00eda Pol\u00edtica y An\u00e1lisis Econ\u00f3mico Institucional)<\/span><\/span><\/div><\/div><div class=\"w-hwrapper additional-detail valign_top align_none\" style=\"--hwrapper-gap:0rem\"><div class=\"w-text\"><span class=\"w-text-h\"><span class=\"w-text-value\"><strong>Departamento<\/strong><\/span><\/span><\/div><div class=\"wpb_text_column\"><div class=\"wpb_wrapper\"><ul>\n<li>Econom\u00eda Aplicada I<\/li>\n<li>Facultad de Ciencias de la Econom\u00eda y la empresa<\/li>\n<li>Universidad Rey Juan Carlos (Madrid)<\/li>\n<\/ul>\n<\/div><\/div><\/div><div class=\"w-hwrapper additional-detail valign_top align_none\" style=\"--hwrapper-gap:0rem\"><div class=\"w-text\"><span class=\"w-text-h\"><span class=\"w-text-value\"><strong>N\u00ba de Registro de Personal<\/strong><\/span><\/span><\/div><div class=\"w-text\"><span class=\"w-text-h\"><span class=\"w-text-value\">0219402513 A0504<\/span><\/span><\/div><\/div><\/div><div class=\"wpb_text_column\"><div class=\"wpb_wrapper\"><p><strong>Libro homenaje a Jes\u00fas Huerta de Soto<\/strong><\/p>\n<ul class=\"styled\">\n<li><a href=\"https:\/\/www.unioneditorial.net\/libro\/de-viena-a-madrid-ensayos-en-honor-de-jesus-huerta-de-soto\/\" target=\"_blank\" rel=\"noopener\">De Viena a Madrid. Ensayos en honor de Jes\u00fas Huerta de Soto<\/a><\/li>\n<li><a href=\"https:\/\/link.springer.com\/book\/10.1007\/978-3-031-17414-8\" target=\"_blank\" rel=\"noopener\">The Emergence of a Tradition: Essays in Honor of Jes\u00fas Huerta de Soto, Volume I<\/a><\/li>\n<li><a href=\"https:\/\/link.springer.com\/book\/10.1007\/978-3-031-17418-6\" target=\"_blank\" rel=\"noopener\">The Emergence of a Tradition: Essays in Honor of Jes\u00fas Huerta de Soto, Volume II<\/a><\/li>\n<\/ul>\n<p><strong>Evaluaci\u00f3n de su Actividad Investigadora:<\/strong> Sexenios de investigaci\u00f3n, correspondientes a los per\u00edodos de 1984-1995, de 1998-2008, 2009-2017 y 2018-2023 concedidos por la Comisi\u00f3n Nacional Evaluadora de la Actividad Investigadora del Ministerio de Educaci\u00f3n y Ciencia.<\/p>\n<\/div><\/div><\/div><\/div><\/div><\/div><\/div><\/div><\/div><\/section>\n","protected":false},"excerpt":{"rendered":"Home Curr\u00edculum VitaePersonal DataAcademic DegreesTeaching ActivitiesResearch Activities: Publications (I)Research Activities: Publications (II)Other PublicationsEditorial ActivitiesQuotes and References on Prof. Huerta de SotoPh.D. ThesisFunded ResearchSpecial Courses and LecturesSeminars and ConferencesAwards and ScholarshipsOther AchievementsPersonal Data Jes\u00fas Huerta de Soto Ballester Fecha de nacimiento: 23 de diciembre de 1956 Localidad: Madrid Estado civil: Casado DNI: 2.194.025-D (Expedici\u00f3n: 13 de...","protected":false},"author":6,"featured_media":0,"parent":0,"menu_order":0,"comment_status":"closed","ping_status":"closed","template":"","meta":{"_acf_changed":false,"footnotes":""},"class_list":["post-28","page","type-page","status-publish","hentry"],"acf":[],"_links":{"self":[{"href":"https:\/\/www.jesushuertadesoto.com\/en\/wp-json\/wp\/v2\/pages\/28","targetHints":{"allow":["GET"]}}],"collection":[{"href":"https:\/\/www.jesushuertadesoto.com\/en\/wp-json\/wp\/v2\/pages"}],"about":[{"href":"https:\/\/www.jesushuertadesoto.com\/en\/wp-json\/wp\/v2\/types\/page"}],"author":[{"embeddable":true,"href":"https:\/\/www.jesushuertadesoto.com\/en\/wp-json\/wp\/v2\/users\/6"}],"replies":[{"embeddable":true,"href":"https:\/\/www.jesushuertadesoto.com\/en\/wp-json\/wp\/v2\/comments?post=28"}],"version-history":[{"count":14,"href":"https:\/\/www.jesushuertadesoto.com\/en\/wp-json\/wp\/v2\/pages\/28\/revisions"}],"predecessor-version":[{"id":12437,"href":"https:\/\/www.jesushuertadesoto.com\/en\/wp-json\/wp\/v2\/pages\/28\/revisions\/12437"}],"wp:attachment":[{"href":"https:\/\/www.jesushuertadesoto.com\/en\/wp-json\/wp\/v2\/media?parent=28"}],"curies":[{"name":"wp","href":"https:\/\/api.w.org\/{rel}","templated":true}]}}