{"id":7024,"date":"2018-03-01T11:51:47","date_gmt":"2018-03-01T10:51:47","guid":{"rendered":"https:\/\/www.jesushuertadesoto.com\/?page_id=7024"},"modified":"2025-12-08T15:31:15","modified_gmt":"2025-12-08T14:31:15","slug":"master","status":"publish","type":"page","link":"https:\/\/www.jesushuertadesoto.com\/en\/master\/","title":{"rendered":"Master"},"content":{"rendered":"<section class=\"l-section wpb_row master-top height_medium\"><div class=\"l-section-h i-cf\"><div class=\"g-cols vc_row via_grid cols_1 laptops-cols_inherit tablets-cols_inherit mobiles-cols_1 valign_top type_default stacking_default\"><div class=\"wpb_column vc_column_container\"><div class=\"vc_column-inner\"><div class=\"w-html\">    <div class=\"breadcrumbs\" typeof=\"BreadcrumbList\" vocab=\"https:\/\/schema.org\/\">\n        <!-- Breadcrumb NavXT 7.5.0 -->\n<span property=\"itemListElement\" typeof=\"ListItem\"><a property=\"item\" typeof=\"WebPage\" title=\"Go to Jes\u00fas Huerta de Soto.\" href=\"https:\/\/www.jesushuertadesoto.com\/en\/\" class=\"home\" aria-current=\"page\"><span property=\"name\">Home<\/span><\/a><meta property=\"position\" content=\"1\"><\/span>    <\/div>\n    <\/div><h1 class=\"w-text\"><span class=\"w-text-h\"><span class=\"w-text-value\">Official master on the Austrian School of Economics<\/span><\/span><\/h1><div class=\"w-video align_none ratio_16x9 with_overlay\" style=\"background-image:url(https:\/\/www.jesushuertadesoto.com\/wp-content\/uploads\/2025\/11\/cover.jpg);\" onclick=\"return {&quot;player_html&quot;:&quot;&lt;video  preload=\\&quot;none\\&quot; playsinline controls&gt;&lt;source type=\\&quot;video\\\/mp4\\&quot; src=\\&quot;https:\\\/\\\/www.jesushuertadesoto.com\\\/wp-content\\\/uploads\\\/2023\\\/03\\\/somos-unicos.mp4\\&quot; \\\/&gt;&lt;\\\/video&gt;&quot;}\"><button class=\"w-video-play\" type=\"button\" aria-label=\"Play\"><span class=\"w-video-play-icon\" style=\"font-size:1.5rem;background:rgba(0,0,0,0.5);color:#fff\"><\/span><\/button><div class=\"w-video-h\"><video  preload=\"none\" playsinline controls><source type=\"video\/mp4\" src=\"https:\/\/www.jesushuertadesoto.com\/wp-content\/uploads\/2023\/03\/somos-unicos.mp4\" \/><\/video><\/div><\/div><div class=\"g-cols wpb_row via_grid cols_1-2 laptops-cols_inherit tablets-cols_inherit mobiles-cols_1 valign_top type_default stacking_default\" style=\"--columns-gap:3rem;\"><div class=\"wpb_column vc_column_container master-sidebar\"><div class=\"vc_column-inner\"><div class=\"w-image align_none\"><div class=\"w-image-h\"><img decoding=\"async\" width=\"656\" height=\"155\" src=\"https:\/\/www.jesushuertadesoto.com\/wp-content\/uploads\/2025\/11\/logo-master-1.png\" class=\"attachment-full size-full\" alt=\"\" loading=\"lazy\" srcset=\"https:\/\/www.jesushuertadesoto.com\/wp-content\/uploads\/2025\/11\/logo-master-1.png 656w, https:\/\/www.jesushuertadesoto.com\/wp-content\/uploads\/2025\/11\/logo-master-1-300x71.png 300w\" sizes=\"auto, (max-width: 656px) 100vw, 656px\" \/><\/div><\/div><div class=\"wpb_text_column\"><div class=\"wpb_wrapper\"><div class=\"blue-text\">Master Director<\/div>\n<h3>Prof. Dr. D. Jes\u00fas Huerta de Soto<\/h3>\n<\/div><\/div><div class=\"wpb_text_column\"><div class=\"wpb_wrapper\"><div class=\"blue-text\">Master Deputy Director<\/div>\n<h3>Prof. Dr. D. Miguel \u00c1ngel Alonso Neira<\/h3>\n<\/div><\/div><div class=\"w-separator size_medium\"><\/div><div class=\"wpb_text_column\"><div class=\"wpb_wrapper\"><div class=\"blue-text\">Tel\u00e9fono<\/div>\n<p><strong><a href=\"tel:+34914888508\">91 488 8508<\/a><\/strong><\/p>\n<div class=\"blue-text\">E-mail<\/div>\n<p><strong><a href=\"mailto:master.oficial@urjc.es\" target=\"_blank\" rel=\"noopener\">master.oficial@urjc.es<\/a><\/strong><\/p>\n<div class=\"blue-text\">Web<\/div>\n<p><strong><a href=\"https:\/\/masterescuelaaustriaca.es\" target=\"_blank\" rel=\"noopener\">masterescuelaaustriaca.es<\/a><\/strong><\/p>\n<\/div><\/div><\/div><\/div><div class=\"wpb_column vc_column_container\"><div class=\"vc_column-inner\"><div class=\"wpb_text_column\"><div class=\"wpb_wrapper\"><h2>Presentation<\/h2>\n<p>The Master on the Austrian School of Economics aims to provide the students with the tools and methods of this School of thought, as well as with the knowledge required to apply these tools and methods to the analysis of economic problems. The student will achieve a high degree of knowledge in the areas of market processes, monetary economics, economic cycles, evolutionary study of the institutions, analysis of interventionism, and technological innovation processes.<\/p>\n<p>The program consists of a main body of basic knowledge that will serve as the foundations for the investigation and the writing of the final dissertation on any of the principal fields of study covered during the course.<\/p>\n<p>Not only is the program designed to equip students, both national and international, with the necessary knowledge to carry out a specialised investigation within the scientific discipline of Economics, but it also intends to provide them with the necessary experience to develop their abilities as economists in both the public and the private sector (as entrepreneurs).<\/p>\n<\/div><\/div><div class=\"w-btn-wrapper align_none\"><a class=\"w-btn us-btn-style_6\" target=\"_blank\" href=\"https:\/\/www.urjc.es\/universidad\/facultades\/facultad-de-ciencias-de-la-comunicacion\/909-economia-de-la-escuela-austriaca#informaci\u00f3n-b\u00e1sica\"><span class=\"w-btn-label\">See program<\/span><\/a><\/div><\/div><\/div><\/div><\/div><\/div><\/div><\/div><\/section>\n","protected":false},"excerpt":{"rendered":"Home Official master on the Austrian School of EconomicsMaster Director Prof. Dr. D. Jes\u00fas Huerta de Soto Master Deputy Director Prof. Dr. D. Miguel \u00c1ngel Alonso Neira Tel\u00e9fono 91 488 8508 E-mail master.oficial@urjc.es Web masterescuelaaustriaca.es Presentation The Master on the Austrian School of Economics aims to provide the students with the tools and methods of...","protected":false},"author":6,"featured_media":0,"parent":0,"menu_order":0,"comment_status":"closed","ping_status":"closed","template":"","meta":{"_acf_changed":false,"footnotes":""},"class_list":["post-7024","page","type-page","status-publish","hentry"],"acf":[],"_links":{"self":[{"href":"https:\/\/www.jesushuertadesoto.com\/en\/wp-json\/wp\/v2\/pages\/7024","targetHints":{"allow":["GET"]}}],"collection":[{"href":"https:\/\/www.jesushuertadesoto.com\/en\/wp-json\/wp\/v2\/pages"}],"about":[{"href":"https:\/\/www.jesushuertadesoto.com\/en\/wp-json\/wp\/v2\/types\/page"}],"author":[{"embeddable":true,"href":"https:\/\/www.jesushuertadesoto.com\/en\/wp-json\/wp\/v2\/users\/6"}],"replies":[{"embeddable":true,"href":"https:\/\/www.jesushuertadesoto.com\/en\/wp-json\/wp\/v2\/comments?post=7024"}],"version-history":[{"count":21,"href":"https:\/\/www.jesushuertadesoto.com\/en\/wp-json\/wp\/v2\/pages\/7024\/revisions"}],"predecessor-version":[{"id":11988,"href":"https:\/\/www.jesushuertadesoto.com\/en\/wp-json\/wp\/v2\/pages\/7024\/revisions\/11988"}],"wp:attachment":[{"href":"https:\/\/www.jesushuertadesoto.com\/en\/wp-json\/wp\/v2\/media?parent=7024"}],"curies":[{"name":"wp","href":"https:\/\/api.w.org\/{rel}","templated":true}]}}